{"id":1211,"date":"2019-11-29T10:39:47","date_gmt":"2019-11-29T13:39:47","guid":{"rendered":"https:\/\/www.maryara.com.br\/site\/?page_id=1211"},"modified":"2025-12-15T14:22:19","modified_gmt":"2025-12-15T17:22:19","slug":"kits","status":"publish","type":"page","link":"https:\/\/www.maryara.com.br\/site\/kits\/","title":{"rendered":"Kits"},"content":{"rendered":"<p>[et_pb_section fb_built=&#8221;1&#8243; _builder_version=&#8221;4.16&#8243; background_image=&#8221;https:\/\/www.maryara.com.br\/site\/wp-content\/uploads\/2017\/11\/pattern-maryara-1.png&#8221; background_size=&#8221;initial&#8221; background_repeat=&#8221;repeat&#8221; global_colors_info=&#8221;{}&#8221;][et_pb_row column_structure=&#8221;1_2,1_2&#8243; _builder_version=&#8221;4.16&#8243; background_size=&#8221;initial&#8221; background_position=&#8221;top_left&#8221; background_repeat=&#8221;repeat&#8221; global_colors_info=&#8221;{}&#8221;][et_pb_column type=&#8221;1_2&#8243; _builder_version=&#8221;4.16&#8243; custom_padding=&#8221;|||&#8221; global_colors_info=&#8221;{}&#8221; custom_padding__hover=&#8221;|||&#8221;][et_pb_image src=&#8221;https:\/\/www.maryara.com.br\/site\/wp-content\/uploads\/2025\/12\/MARYARA-KIT-Kit-Bom-DIa-Lanchinho-20251205.jpg&#8221; title_text=&#8221;MARYARA-KIT-Kit-Bom-DIa-+-Lanchinho-20251205&#8243; align_tablet=&#8221;center&#8221; align_phone=&#8221;&#8221; align_last_edited=&#8221;on|desktop&#8221; _builder_version=&#8221;4.27.4&#8243; global_colors_info=&#8221;{}&#8221;][\/et_pb_image][\/et_pb_column][et_pb_column type=&#8221;1_2&#8243; _builder_version=&#8221;4.16&#8243; custom_padding=&#8221;|||&#8221; global_colors_info=&#8221;{}&#8221; custom_padding__hover=&#8221;|||&#8221;][et_pb_image src=&#8221;https:\/\/www.maryara.com.br\/site\/wp-content\/uploads\/2025\/12\/MARYARA-KIT-Kit-Bom-Dia-20251205.jpg&#8221; title_text=&#8221;MARYARA-KIT-Kit-Bom-Dia-20251205&#8243; align_tablet=&#8221;center&#8221; align_phone=&#8221;&#8221; align_last_edited=&#8221;on|desktop&#8221; _builder_version=&#8221;4.27.4&#8243; global_colors_info=&#8221;{}&#8221;][\/et_pb_image][\/et_pb_column][\/et_pb_row][et_pb_row column_structure=&#8221;1_2,1_2&#8243; _builder_version=&#8221;4.16&#8243; background_size=&#8221;initial&#8221; background_position=&#8221;top_left&#8221; background_repeat=&#8221;repeat&#8221; global_colors_info=&#8221;{}&#8221;][et_pb_column type=&#8221;1_2&#8243; _builder_version=&#8221;4.16&#8243; custom_padding=&#8221;|||&#8221; global_colors_info=&#8221;{}&#8221; custom_padding__hover=&#8221;|||&#8221;][et_pb_image src=&#8221;https:\/\/www.maryara.com.br\/site\/wp-content\/uploads\/2025\/12\/MARYARA-KIT-Kit-Vegetariano-OBA-20251215.jpg&#8221; title_text=&#8221;MARYARA-KIT-Kit-Vegetariano-OBA-20251215&#8243; align_tablet=&#8221;center&#8221; align_phone=&#8221;&#8221; align_last_edited=&#8221;on|desktop&#8221; _builder_version=&#8221;4.27.4&#8243; hover_enabled=&#8221;0&#8243; global_colors_info=&#8221;{}&#8221; sticky_enabled=&#8221;0&#8243;][\/et_pb_image][\/et_pb_column][et_pb_column type=&#8221;1_2&#8243; _builder_version=&#8221;4.16&#8243; custom_padding=&#8221;|||&#8221; global_colors_info=&#8221;{}&#8221; custom_padding__hover=&#8221;|||&#8221;][et_pb_image src=&#8221;https:\/\/www.maryara.com.br\/site\/wp-content\/uploads\/2025\/12\/MARYARA-KIT-Kit-Sucesso-20251215.jpg&#8221; title_text=&#8221;MARYARA-KIT-Kit-Sucesso-20251215&#8243; align_tablet=&#8221;center&#8221; align_phone=&#8221;&#8221; align_last_edited=&#8221;on|desktop&#8221; _builder_version=&#8221;4.27.4&#8243; hover_enabled=&#8221;0&#8243; global_colors_info=&#8221;{}&#8221; sticky_enabled=&#8221;0&#8243;][\/et_pb_image][\/et_pb_column][\/et_pb_row][et_pb_row column_structure=&#8221;1_2,1_2&#8243; _builder_version=&#8221;4.16&#8243; background_size=&#8221;initial&#8221; background_position=&#8221;top_left&#8221; background_repeat=&#8221;repeat&#8221; global_colors_info=&#8221;{}&#8221;][et_pb_column type=&#8221;1_2&#8243; _builder_version=&#8221;4.16&#8243; custom_padding=&#8221;|||&#8221; global_colors_info=&#8221;{}&#8221; custom_padding__hover=&#8221;|||&#8221;][et_pb_image src=&#8221;https:\/\/www.maryara.com.br\/site\/wp-content\/uploads\/2025\/12\/MARYARA-KIT-Kit-Role-com-os-Amigos-TEEN-20251215.jpg&#8221; title_text=&#8221;MARYARA-KIT-Kit-Role-com-os-Amigos-TEEN-20251215&#8243; align_tablet=&#8221;center&#8221; align_phone=&#8221;&#8221; align_last_edited=&#8221;on|desktop&#8221; _builder_version=&#8221;4.27.4&#8243; hover_enabled=&#8221;0&#8243; global_colors_info=&#8221;{}&#8221; sticky_enabled=&#8221;0&#8243;][\/et_pb_image][\/et_pb_column][et_pb_column type=&#8221;1_2&#8243; _builder_version=&#8221;4.16&#8243; custom_padding=&#8221;|||&#8221; global_colors_info=&#8221;{}&#8221; custom_padding__hover=&#8221;|||&#8221;][et_pb_image src=&#8221;https:\/\/www.maryara.com.br\/site\/wp-content\/uploads\/2025\/12\/MARYARA-KIT-Kit-Role-com-os-Amigos-CANDY-20251215.jpg&#8221; title_text=&#8221;MARYARA-KIT-Kit-Role-com-os-Amigos-CANDY-20251215&#8243; align_tablet=&#8221;center&#8221; align_phone=&#8221;&#8221; align_last_edited=&#8221;on|desktop&#8221; _builder_version=&#8221;4.27.4&#8243; hover_enabled=&#8221;0&#8243; global_colors_info=&#8221;{}&#8221; sticky_enabled=&#8221;0&#8243;][\/et_pb_image][\/et_pb_column][\/et_pb_row][et_pb_row column_structure=&#8221;1_2,1_2&#8243; _builder_version=&#8221;4.16&#8243; background_size=&#8221;initial&#8221; background_position=&#8221;top_left&#8221; background_repeat=&#8221;repeat&#8221; global_colors_info=&#8221;{}&#8221;][et_pb_column type=&#8221;1_2&#8243; _builder_version=&#8221;4.16&#8243; custom_padding=&#8221;|||&#8221; global_colors_info=&#8221;{}&#8221; custom_padding__hover=&#8221;|||&#8221;][et_pb_image src=&#8221;https:\/\/www.maryara.com.br\/site\/wp-content\/uploads\/2025\/12\/MARYARA-KIT-Kit-Job-I-20251215.jpg&#8221; title_text=&#8221;MARYARA-KIT-Kit-Job-I-20251215&#8243; align_tablet=&#8221;center&#8221; align_phone=&#8221;&#8221; align_last_edited=&#8221;on|desktop&#8221; _builder_version=&#8221;4.27.4&#8243; hover_enabled=&#8221;0&#8243; global_colors_info=&#8221;{}&#8221; sticky_enabled=&#8221;0&#8243;][\/et_pb_image][\/et_pb_column][et_pb_column type=&#8221;1_2&#8243; _builder_version=&#8221;4.16&#8243; custom_padding=&#8221;|||&#8221; global_colors_info=&#8221;{}&#8221; custom_padding__hover=&#8221;|||&#8221;][et_pb_image src=&#8221;https:\/\/www.maryara.com.br\/site\/wp-content\/uploads\/2025\/12\/MARYARA-KIT-Kit-Job-II-20251215.jpg&#8221; title_text=&#8221;MARYARA-KIT-Kit-Job-II-20251215&#8243; align_tablet=&#8221;center&#8221; align_phone=&#8221;&#8221; align_last_edited=&#8221;on|desktop&#8221; _builder_version=&#8221;4.27.4&#8243; hover_enabled=&#8221;0&#8243; global_colors_info=&#8221;{}&#8221; sticky_enabled=&#8221;0&#8243;][\/et_pb_image][\/et_pb_column][\/et_pb_row][et_pb_row column_structure=&#8221;1_2,1_2&#8243; _builder_version=&#8221;4.16&#8243; background_size=&#8221;initial&#8221; background_position=&#8221;top_left&#8221; background_repeat=&#8221;repeat&#8221; global_colors_info=&#8221;{}&#8221;][et_pb_column type=&#8221;1_2&#8243; _builder_version=&#8221;4.16&#8243; custom_padding=&#8221;|||&#8221; global_colors_info=&#8221;{}&#8221; custom_padding__hover=&#8221;|||&#8221;][et_pb_image src=&#8221;https:\/\/www.maryara.com.br\/site\/wp-content\/uploads\/2025\/12\/MARYARA-KIT-Kit-Festa-Escolinha-20251215.jpg&#8221; title_text=&#8221;MARYARA-KIT-Kit-Festa-Escolinha-20251215&#8243; align_tablet=&#8221;center&#8221; align_phone=&#8221;&#8221; align_last_edited=&#8221;on|desktop&#8221; _builder_version=&#8221;4.27.4&#8243; hover_enabled=&#8221;0&#8243; global_colors_info=&#8221;{}&#8221; sticky_enabled=&#8221;0&#8243;][\/et_pb_image][\/et_pb_column][et_pb_column type=&#8221;1_2&#8243; _builder_version=&#8221;4.16&#8243; custom_padding=&#8221;|||&#8221; global_colors_info=&#8221;{}&#8221; custom_padding__hover=&#8221;|||&#8221;][\/et_pb_column][\/et_pb_row][\/et_pb_section][et_pb_section fb_built=&#8221;1&#8243; _builder_version=&#8221;4.22.1&#8243; background_color=&#8221;#FFFFFF&#8221; border_width_all=&#8221;1px&#8221; locked=&#8221;off&#8221; global_colors_info=&#8221;{}&#8221;][et_pb_row _builder_version=&#8221;4.16&#8243; global_colors_info=&#8221;{}&#8221;][et_pb_column type=&#8221;4_4&#8243; _builder_version=&#8221;4.16&#8243; custom_padding=&#8221;|||&#8221; global_colors_info=&#8221;{}&#8221; custom_padding__hover=&#8221;|||&#8221;][et_pb_text _builder_version=&#8221;4.16&#8243; text_font=&#8221;|700|||||||&#8221; text_font_size=&#8221;20px&#8221; header_font=&#8221;Code Pro Demo||||||||&#8221; text_orientation=&#8221;center&#8221; global_colors_info=&#8221;{}&#8221;]<\/p>\n<p style=\"text-align: center;\">SELECIONE SEU SABOR<\/p>\n<p>[\/et_pb_text][\/et_pb_column][\/et_pb_row][et_pb_row column_structure=&#8221;1_2,1_2&#8243; _builder_version=&#8221;4.16&#8243; global_colors_info=&#8221;{}&#8221;][et_pb_column type=&#8221;1_2&#8243; _builder_version=&#8221;4.16&#8243; custom_padding=&#8221;|||&#8221; global_colors_info=&#8221;{}&#8221; custom_padding__hover=&#8221;|||&#8221;][et_pb_text _builder_version=&#8221;4.16&#8243; global_colors_info=&#8221;{}&#8221;]<\/p>\n<p><strong style=\"font-size: 14px;\">Selecione os Salgados (m\u00ednimo de 25 unidades por sabor)<br \/><\/strong>Bolinha de queijo<br \/>Coxinha<br \/>Trouxinha de calabresa<br \/>Esfihas de carne<br \/>Risoles de presunto e queijo<br \/>Mini calzone (presunto, queijo, tomate, cebola e or\u00e9gano)<br \/>Croquete de carne<br \/>Risoles de catupiry<br \/>Doguinho<\/p>\n<p><strong>Selecione seu Docinho (m\u00ednimo de 25 unidades por sabor)<\/strong><br \/>Brigadeiro<br \/>Beijinho<br \/>Mini Trufa<br \/>Prestiginho<br \/>Tortinhas (Lim\u00e3o <strong>ou<\/strong> Morango)<\/p>\n<p><strong>Selecione 01 Sabor de\u00a0 Bolo Redondo Simples:<\/strong><br \/>Laranja<br \/>Cenoura<br \/>Chocolate<br \/>Fub\u00e1<br \/>Coco<\/p>\n<p>&nbsp;<\/p>\n<p>&nbsp;<\/p>\n<p>[\/et_pb_text][\/et_pb_column][et_pb_column type=&#8221;1_2&#8243; _builder_version=&#8221;4.16&#8243; custom_padding=&#8221;|||&#8221; global_colors_info=&#8221;{}&#8221; custom_padding__hover=&#8221;|||&#8221;][et_pb_text _builder_version=&#8221;4.16&#8243; global_colors_info=&#8221;{}&#8221;]<\/p>\n<p><strong style=\"font-size: 14px;\">Selecione 1 sabor de bolo de festa:<br \/><\/strong><span style=\"font-size: 14px;\">Tradicional\u00a0 \u00a0 \u00a0 \u00a0 \u00a0 \u00a0 \u00a0 \u00a0 \u00a0 \u00a0 \u00a0 \u00a0 \u00a0 \u00a0 \u00a0 \u00a0 \u00a0\u00a0<\/span><span style=\"font-size: 14px;\"><br \/><\/span>Maryara<br \/>Delicia de lim\u00e3o<br \/>Mousse de chocolate<br \/>Chocolim\u00e3o\u00a0 \u00a0 \u00a0 \u00a0 \u00a0 \u00a0 \u00a0 \u00a0 \u00a0 \u00a0 \u00a0 \u00a0 \u00a0 \u00a0 \u00a0 \u00a0 \u00a0 \u00a0 \u00a0 \u00a0 \u00a0 \u00a0 \u00a0 \u00a0 \u00a0 \u00a0 \u00a0 \u00a0 \u00a0 \u00a0 \u00a0 \u00a0 \u00a0 \u00a0 \u00a0 \u00a0 \u00a0 \u00a0 \u00a0 \u00a0 \u00a0 \u00a0 \u00a0 \u00a0 \u00a0 \u00a0 \u00a0 \u00a0 \u00a0 \u00a0 \u00a0 \u00a0 \u00a0 \u00a0 \u00a0 \u00a0 \u00a0 \u00a0 \u00a0 \u00a0 \u00a0 <span style=\"font-size: 14px;\">Brigadeiro<\/span><\/p>\n<p>&nbsp;<\/p>\n<p><strong>Selecione o sabor da baguete:<\/strong><br \/>Pat\u00eas ( frango ou atum )<br \/>Frios (presunto e queijo, peito de peru e queijo prato, salame e provolone, lombo com catupiry)<\/p>\n<p><strong>Selecione os doces de padaria:<\/strong><br \/>Carolina recheada<br \/>Sonho americano<br \/>Lua de mel<\/p>\n<p><strong>Selecione os salgados de padaria:<\/strong><br \/>Mini croissants presunto e queijo ou Frango<br \/>Enroladinho de frios<br \/>Enroladinho de salsicha<br \/>Enroladinho de lombo com catupiry<br \/>Enroladinho de salame com catupiry<br \/>Enroladinho de peito de peru e queijo prato<\/p>\n<p>&nbsp;<\/p>\n<p>[\/et_pb_text][\/et_pb_column][\/et_pb_row][et_pb_row _builder_version=&#8221;4.16&#8243; global_colors_info=&#8221;{}&#8221;][et_pb_column type=&#8221;4_4&#8243; _builder_version=&#8221;4.16&#8243; custom_padding=&#8221;|||&#8221; global_colors_info=&#8221;{}&#8221; custom_padding__hover=&#8221;|||&#8221;][et_pb_text _builder_version=&#8221;4.16&#8243; global_colors_info=&#8221;{}&#8221;]<\/p>\n<p style=\"text-align: center;\"><strong>ATEN\u00c7\u00c3O: N\u00e3o realizamos troca dos itens.<\/strong><\/p>\n<p>[\/et_pb_text][\/et_pb_column][\/et_pb_row][\/et_pb_section][et_pb_section fb_built=&#8221;1&#8243; disabled_on=&#8221;off|off|off&#8221; admin_label=&#8221;Sticker&#8221; module_id=&#8221;sticker&#8221; _builder_version=&#8221;4.23.1&#8243; custom_css_main_element=&#8221;display: block!important;||position: fixed!important;||\/*right: 50px!important;*\/ right:8vw;||bottom: 25px!important;||z-index: 999999!important;||background: transparent;||max-width:180px !important;||padding: 0px;||margin: 0px;||||\/* AJUSTE AAIXO SOMENTE PARA EDIDTOR DIVI, RETIRAR APOS FINALIZAR O SITE ||display:none !important;||*\/&#8221; global_module=&#8221;1994&#8243; saved_tabs=&#8221;all&#8221; locked=&#8221;off&#8221; global_colors_info=&#8221;{}&#8221; custom_css_main_element_last_edited=&#8221;on|phone&#8221; custom_css_main_element_phone=&#8221;display: block!important;||position: fixed!important;||\/*right: 50px!important;*\/ right:15vw;||bottom: 25px!important;||z-index: 999999!important;||background: transparent;||max-width:180px !important;||padding: 0px;||margin: 0px;||||\/* AJUSTE AAIXO SOMENTE PARA EDIDTOR DIVI, RETIRAR APOS FINALIZAR O SITE ||display:none !important;||*\/&#8221; custom_css_main_element_tablet=&#8221;display: block!important;||position: fixed!important;||\/*right: 50px!important;*\/ right:10vw;||bottom: 25px!important;||z-index: 999999!important;||background: transparent;||max-width:180px !important;||padding: 0px;||margin: 0px;||||\/* AJUSTE AAIXO SOMENTE PARA EDIDTOR DIVI, RETIRAR APOS FINALIZAR O SITE ||display:none !important;||*\/&#8221;][et_pb_row module_class=&#8221; et_pb_row_fullwidth&#8221; _builder_version=&#8221;4.21.0&#8243; width=&#8221;89%&#8221; width_tablet=&#8221;80%&#8221; width_phone=&#8221;&#8221; width_last_edited=&#8221;on|desktop&#8221; max_width=&#8221;89%&#8221; max_width_tablet=&#8221;80%&#8221; max_width_phone=&#8221;&#8221; max_width_last_edited=&#8221;on|desktop&#8221; module_alignment=&#8221;right&#8221; make_fullwidth=&#8221;on&#8221; global_colors_info=&#8221;{}&#8221;][et_pb_column type=&#8221;4_4&#8243; _builder_version=&#8221;4.16&#8243; custom_padding=&#8221;|||&#8221; global_colors_info=&#8221;{}&#8221; custom_padding__hover=&#8221;|||&#8221;][et_pb_image src=&#8221;https:\/\/www.maryara.com.br\/site\/wp-content\/uploads\/2023\/03\/catalogo-ovos-de-pascoa-maryara-botao-site-quadrado.jpeg&#8221; alt=&#8221;WhatsApp Americana&#8221; title_text=&#8221;Cat\u00e1logo Ovos de P\u00e1scoa da Maryara-maryara-bota\u0303o-site-quadrado&#8221; url=&#8221;https:\/\/wa.me\/c\/5519971332325&#8243; url_new_window=&#8221;on&#8221; show_bottom_space=&#8221;off&#8221; align=&#8221;right&#8221; disabled_on=&#8221;on|on|on&#8221; admin_label=&#8221;Bot\u00e3o catalogo ovos de pascoa&#8221; _builder_version=&#8221;4.20.2&#8243; custom_margin=&#8221;0px|0px|0px|0px&#8221; custom_padding=&#8221;0px|0px|0px|0px&#8221; custom_css_main_element=&#8221;width:180px !important;||margin-bottom: 5px !important;&#8221; border_width_all=&#8221;1px&#8221; border_color_all=&#8221;#FFFFFF&#8221; box_shadow_style=&#8221;preset1&#8243; always_center_on_mobile=&#8221;off&#8221; disabled=&#8221;on&#8221; global_colors_info=&#8221;{}&#8221;][\/et_pb_image][et_pb_image src=&#8221;https:\/\/www.maryara.com.br\/site\/wp-content\/uploads\/2023\/03\/ifood-maryara-botao-site-quadrado.jpeg&#8221; alt=&#8221;WhatsApp Americana&#8221; title_text=&#8221;ifood-maryara-bota\u0303o-site-quadrado&#8221; url=&#8221;https:\/\/www.ifood.com.br\/delivery\/americana-sp\/maryara-vl-paraiso&#8221; url_new_window=&#8221;on&#8221; show_bottom_space=&#8221;off&#8221; align=&#8221;right&#8221; disabled_on=&#8221;on|on|on&#8221; admin_label=&#8221;Bot\u00e3o ifood&#8221; _builder_version=&#8221;4.20.2&#8243; custom_margin=&#8221;0px|0px|0px|0px&#8221; custom_padding=&#8221;0px|0px|0px|0px&#8221; custom_css_main_element=&#8221;width:180px !important;&#8221; border_width_all=&#8221;1px&#8221; border_color_all=&#8221;#FFFFFF&#8221; box_shadow_style=&#8221;preset1&#8243; always_center_on_mobile=&#8221;off&#8221; disabled=&#8221;on&#8221; global_colors_info=&#8221;{}&#8221;][\/et_pb_image][et_pb_image src=&#8221;https:\/\/www.maryara.com.br\/site\/wp-content\/uploads\/2023\/09\/botao-delivery-maryara-20230906.png&#8221; alt=&#8221;Pe\u00e7a pelo Delivery Maryara!&#8221; title_text=&#8221;Pe\u00e7a pelo Delivery Maryara!&#8221; url=&#8221;https:\/\/loja.maryara.com.br\/&#8221; url_new_window=&#8221;on&#8221; show_bottom_space=&#8221;off&#8221; align=&#8221;right&#8221; disabled_on=&#8221;on|on|on&#8221; admin_label=&#8221;Bot\u00e3o epadoca&#8221; _builder_version=&#8221;4.23.1&#8243; custom_margin=&#8221;0px|0px|0px|0px&#8221; custom_padding=&#8221;0px|0px|0px|0px&#8221; custom_css_main_element=&#8221;width:180px !important;&#8221; border_width_all=&#8221;1px&#8221; border_color_all=&#8221;#FFFFFF&#8221; box_shadow_style=&#8221;preset1&#8243; always_center_on_mobile=&#8221;off&#8221; disabled=&#8221;on&#8221; global_colors_info=&#8221;{}&#8221;][\/et_pb_image][et_pb_image src=&#8221;https:\/\/www.maryara.com.br\/site\/wp-content\/uploads\/2023\/09\/botao-delivery-maryara-20230906.png&#8221; alt=&#8221;Pe\u00e7a pelo Delivery Maryara!&#8221; title_text=&#8221;Pe\u00e7a pelo Delivery Maryara!&#8221; url=&#8221;https:\/\/wa.me\/5519971332325?text=Ol\u00e1%20MARYARA,%20quero%20fazer%20um%20pedido!&#8221; url_new_window=&#8221;on&#8221; show_bottom_space=&#8221;off&#8221; align=&#8221;right&#8221; disabled_on=&#8221;off|off|off&#8221; admin_label=&#8221;Bot\u00e3o whatsapp&#8221; _builder_version=&#8221;4.27.2&#8243; custom_margin=&#8221;0px|0px|0px|0px&#8221; custom_padding=&#8221;0px|0px|0px|0px&#8221; custom_css_main_element=&#8221;width:180px !important;&#8221; border_width_all=&#8221;1px&#8221; border_color_all=&#8221;#FFFFFF&#8221; box_shadow_style=&#8221;preset1&#8243; always_center_on_mobile=&#8221;off&#8221; global_colors_info=&#8221;{}&#8221;][\/et_pb_image][\/et_pb_column][\/et_pb_row][\/et_pb_section]<\/p>\n","protected":false},"excerpt":{"rendered":"<p>SELECIONE SEU SABORSelecione os Salgados (m\u00ednimo de 25 unidades por sabor)Bolinha de queijoCoxinhaTrouxinha de calabresaEsfihas de carneRisoles de presunto e queijoMini calzone (presunto, queijo, tomate, cebola e or\u00e9gano)Croquete de carneRisoles de catupiryDoguinho Selecione seu Docinho (m\u00ednimo de 25 unidades por sabor)BrigadeiroBeijinhoMini TrufaPrestiginhoTortinhas (Lim\u00e3o ou Morango) Selecione 01 Sabor de\u00a0 Bolo Redondo Simples:LaranjaCenouraChocolateFub\u00e1Coco &nbsp; &nbsp;Selecione 1 [&hellip;]<\/p>\n","protected":false},"author":1,"featured_media":0,"parent":0,"menu_order":0,"comment_status":"closed","ping_status":"closed","template":"","meta":{"_et_pb_use_builder":"on","_et_pb_old_content":"","_et_gb_content_width":"","footnotes":""},"class_list":["post-1211","page","type-page","status-publish","hentry"],"_links":{"self":[{"href":"https:\/\/www.maryara.com.br\/site\/wp-json\/wp\/v2\/pages\/1211","targetHints":{"allow":["GET"]}}],"collection":[{"href":"https:\/\/www.maryara.com.br\/site\/wp-json\/wp\/v2\/pages"}],"about":[{"href":"https:\/\/www.maryara.com.br\/site\/wp-json\/wp\/v2\/types\/page"}],"author":[{"embeddable":true,"href":"https:\/\/www.maryara.com.br\/site\/wp-json\/wp\/v2\/users\/1"}],"replies":[{"embeddable":true,"href":"https:\/\/www.maryara.com.br\/site\/wp-json\/wp\/v2\/comments?post=1211"}],"version-history":[{"count":52,"href":"https:\/\/www.maryara.com.br\/site\/wp-json\/wp\/v2\/pages\/1211\/revisions"}],"predecessor-version":[{"id":2636,"href":"https:\/\/www.maryara.com.br\/site\/wp-json\/wp\/v2\/pages\/1211\/revisions\/2636"}],"wp:attachment":[{"href":"https:\/\/www.maryara.com.br\/site\/wp-json\/wp\/v2\/media?parent=1211"}],"curies":[{"name":"wp","href":"https:\/\/api.w.org\/{rel}","templated":true}]}}