{"id":459,"date":"2017-12-04T11:49:49","date_gmt":"2017-12-04T13:49:49","guid":{"rendered":"https:\/\/www.maryara.com.br\/site\/?page_id=459"},"modified":"2025-12-04T15:48:31","modified_gmt":"2025-12-04T18:48:31","slug":"saladas-e-tabuas-de-frios","status":"publish","type":"page","link":"https:\/\/www.maryara.com.br\/site\/saladas-e-tabuas-de-frios\/","title":{"rendered":"Saladas e Frios"},"content":{"rendered":"<p>[et_pb_section fb_built=&#8221;1&#8243; _builder_version=&#8221;4.16&#8243; background_image=&#8221;https:\/\/www.maryara.com.br\/site\/wp-content\/uploads\/2017\/11\/pattern-maryara-1.png&#8221; background_size=&#8221;initial&#8221; background_repeat=&#8221;repeat&#8221; global_colors_info=&#8221;{}&#8221;][et_pb_row _builder_version=&#8221;4.16&#8243; background_size=&#8221;initial&#8221; background_position=&#8221;top_left&#8221; background_repeat=&#8221;repeat&#8221; global_colors_info=&#8221;{}&#8221;][et_pb_column type=&#8221;4_4&#8243; _builder_version=&#8221;4.16&#8243; custom_padding=&#8221;|||&#8221; global_colors_info=&#8221;{}&#8221; custom_padding__hover=&#8221;|||&#8221;][et_pb_text _builder_version=&#8221;4.16&#8243; header_font=&#8221;Hirondelles des Alpes||||||||&#8221; header_font_size=&#8221;72px&#8221; global_colors_info=&#8221;{}&#8221;]<\/p>\n<h1 style=\"text-align: center\">Saladas e Frios<\/h1>\n<p>[\/et_pb_text][et_pb_gallery gallery_ids=&#8221;460&#8243; fullwidth=&#8221;on&#8221; _builder_version=&#8221;4.16&#8243; pagination_font_size_tablet=&#8221;51&#8243; pagination_line_height_tablet=&#8221;2&#8243; global_colors_info=&#8221;{}&#8221;][\/et_pb_gallery][\/et_pb_column][\/et_pb_row][et_pb_row column_structure=&#8221;1_4,1_2,1_4&#8243; _builder_version=&#8221;4.16&#8243; background_size=&#8221;initial&#8221; background_position=&#8221;top_left&#8221; background_repeat=&#8221;repeat&#8221; global_colors_info=&#8221;{}&#8221;][et_pb_column type=&#8221;1_4&#8243; _builder_version=&#8221;4.16&#8243; custom_padding=&#8221;|||&#8221; global_colors_info=&#8221;{}&#8221; custom_padding__hover=&#8221;|||&#8221;][\/et_pb_column][et_pb_column type=&#8221;1_2&#8243; _builder_version=&#8221;4.16&#8243; custom_padding=&#8221;|||&#8221; global_colors_info=&#8221;{}&#8221; custom_padding__hover=&#8221;|||&#8221;][et_pb_accordion _builder_version=&#8221;4.16&#8243; toggle_font=&#8221;Code Pro Demo|||on|||||&#8221; toggle_text_align=&#8221;left&#8221; body_font=&#8221;Code Pro Demo||||||||&#8221; body_text_align=&#8221;left&#8221; body_text_color=&#8221;#777777&#8243; body_line_height=&#8221;1em&#8221; text_orientation=&#8221;left&#8221; custom_css_toggle=&#8221;margin:0px !important;&#8221; custom_css_toggle_content=&#8221;padding-top:0px !important;&#8221; border_width_all=&#8221;0px&#8221; global_colors_info=&#8221;{}&#8221;][et_pb_accordion_item title=&#8221;6042 FAROFA&#8221; open_toggle_background_color=&#8221;rgba(255,255,255,0)&#8221; closed_toggle_background_color=&#8221;rgba(255,255,255,0)&#8221; _builder_version=&#8221;4.16&#8243; global_colors_info=&#8221;{}&#8221; open=&#8221;off&#8221;]<\/p>\n<p>\u00a0<img loading=\"lazy\" decoding=\"async\" class=\"wp-image-1479 alignnone size-medium\" src=\"https:\/\/www.maryara.com.br\/site\/wp-content\/uploads\/2020\/11\/frimesa-receitas-farofa-de-linguica-com-abacaxi-1-300x191.jpg\" alt=\"\" width=\"300\" height=\"191\" srcset=\"https:\/\/www.maryara.com.br\/site\/wp-content\/uploads\/2020\/11\/frimesa-receitas-farofa-de-linguica-com-abacaxi-1-300x191.jpg 300w, https:\/\/www.maryara.com.br\/site\/wp-content\/uploads\/2020\/11\/frimesa-receitas-farofa-de-linguica-com-abacaxi-1-768x488.jpg 768w, https:\/\/www.maryara.com.br\/site\/wp-content\/uploads\/2020\/11\/frimesa-receitas-farofa-de-linguica-com-abacaxi-1.jpg 871w\" sizes=\"(max-width: 300px) 100vw, 300px\" \/><\/p>\n<h3><strong>R$ 61,20 KG<\/strong><\/h3>\n<p>&nbsp;<\/p>\n<p>&nbsp;<\/p>\n<p>&nbsp;<\/p>\n<p>[\/et_pb_accordion_item][et_pb_accordion_item title=&#8221;190 BERINJELA C\/ TOMATE SECO&#8221; open_toggle_background_color=&#8221;rgba(255,255,255,0)&#8221; closed_toggle_background_color=&#8221;rgba(255,255,255,0)&#8221; _builder_version=&#8221;4.16&#8243; global_colors_info=&#8221;{}&#8221; open=&#8221;off&#8221;]<\/p>\n<p><strong>R$ 66,00 KG<\/strong><\/p>\n<p>&nbsp;<\/p>\n<p>[\/et_pb_accordion_item][et_pb_accordion_item title=&#8221;352 MAIONESE LEGUMES&#8221; open_toggle_background_color=&#8221;rgba(255,255,255,0)&#8221; closed_toggle_background_color=&#8221;rgba(255,255,255,0)&#8221; _builder_version=&#8221;4.16&#8243; global_colors_info=&#8221;{}&#8221; open=&#8221;off&#8221;]<\/p>\n<p><strong>INGREDIENTES:<\/strong> BATATA, CENOURA, MILHO, ERVILHA E MAIONESE.<\/p>\n<h2><strong>R$ 54,60 KG<\/strong><\/h2>\n<p>[\/et_pb_accordion_item][et_pb_accordion_item title=&#8221;353 MAIONESE DE FRANGO&#8221; open_toggle_background_color=&#8221;rgba(255,255,255,0)&#8221; closed_toggle_background_color=&#8221;rgba(255,255,255,0)&#8221; _builder_version=&#8221;4.16&#8243; global_colors_info=&#8221;{}&#8221; open=&#8221;off&#8221;]<\/p>\n<p><strong>INGREDIENTES<\/strong>: BATATA, CENOURA, MILHO, ERVILHA, FRANGO E MAIONESE.<\/p>\n<h2><strong>R$ 61,20 KG \u00a0<\/strong><\/h2>\n<p>[\/et_pb_accordion_item][et_pb_accordion_item title=&#8221;976 SALADA MARROQUINA&#8221; open_toggle_background_color=&#8221;rgba(255,255,255,0)&#8221; closed_toggle_background_color=&#8221;rgba(255,255,255,0)&#8221; _builder_version=&#8221;4.16&#8243; global_colors_info=&#8221;{}&#8221; open=&#8221;off&#8221;]<\/p>\n<p><strong><img loading=\"lazy\" decoding=\"async\" class=\"wp-image-1477 alignnone size-medium\" src=\"https:\/\/www.maryara.com.br\/site\/wp-content\/uploads\/2020\/11\/117898109_189086505920607_8717419340222229619_o-260x300.jpg\" alt=\"\" width=\"260\" height=\"300\" srcset=\"https:\/\/www.maryara.com.br\/site\/wp-content\/uploads\/2020\/11\/117898109_189086505920607_8717419340222229619_o-260x300.jpg 260w, https:\/\/www.maryara.com.br\/site\/wp-content\/uploads\/2020\/11\/117898109_189086505920607_8717419340222229619_o-768x886.jpg 768w, https:\/\/www.maryara.com.br\/site\/wp-content\/uploads\/2020\/11\/117898109_189086505920607_8717419340222229619_o-888x1024.jpg 888w, https:\/\/www.maryara.com.br\/site\/wp-content\/uploads\/2020\/11\/117898109_189086505920607_8717419340222229619_o.jpg 1080w\" sizes=\"(max-width: 260px) 100vw, 260px\" \/>INGREDIENTES:<\/strong> Trigo para kibe, frango desfiado desfiado, piment\u00e3o colorido, azeitonas verdes, uva passa e cheiro verde.<\/p>\n<h2><strong>R$ 65,80 KG \u00a0 \u00a0<\/strong><\/h2>\n<p>[\/et_pb_accordion_item][et_pb_accordion_item title=&#8221;980 SALADA TROPICAL&#8221; open_toggle_background_color=&#8221;rgba(255,255,255,0)&#8221; closed_toggle_background_color=&#8221;rgba(255,255,255,0)&#8221; _builder_version=&#8221;4.16&#8243; global_colors_info=&#8221;{}&#8221; open=&#8221;off&#8221;]<\/p>\n<p><strong>INGREDIENTES:<\/strong> ABACAXI, MA\u00c7\u00c3, FRANGO, UVA\u00a0 PASSA, MILHO, CREME DE LEITE E MAIONESE<\/p>\n<h2><strong> R$ 74,50 KG \u00a0<\/strong><\/h2>\n<p>[\/et_pb_accordion_item][et_pb_accordion_item title=&#8221;977 SALPIC\u00c3O DE FRANGO&#8221; open_toggle_background_color=&#8221;rgba(255,255,255,0)&#8221; closed_toggle_background_color=&#8221;rgba(255,255,255,0)&#8221; _builder_version=&#8221;4.16&#8243; global_colors_info=&#8221;{}&#8221; open=&#8221;off&#8221;]<\/p>\n<p><strong><img loading=\"lazy\" decoding=\"async\" class=\"wp-image-1476 alignnone \" src=\"https:\/\/www.maryara.com.br\/site\/wp-content\/uploads\/2020\/11\/43659272_1027943464044890_556513725884923904_o-240x300.jpg\" alt=\"\" width=\"189\" height=\"236\" srcset=\"https:\/\/www.maryara.com.br\/site\/wp-content\/uploads\/2020\/11\/43659272_1027943464044890_556513725884923904_o-240x300.jpg 240w, https:\/\/www.maryara.com.br\/site\/wp-content\/uploads\/2020\/11\/43659272_1027943464044890_556513725884923904_o-768x960.jpg 768w, https:\/\/www.maryara.com.br\/site\/wp-content\/uploads\/2020\/11\/43659272_1027943464044890_556513725884923904_o-819x1024.jpg 819w, https:\/\/www.maryara.com.br\/site\/wp-content\/uploads\/2020\/11\/43659272_1027943464044890_556513725884923904_o.jpg 1080w\" sizes=\"(max-width: 189px) 100vw, 189px\" \/><\/strong><\/p>\n<p><strong>INGREDIENTES:<\/strong> BATATA, FRANGO, CENOURA, MA\u00c7\u00c3 VERMELHA E VERDE, MILHO, UVA PASSA, PIMENT\u00c3O (VERDE, VERMELHO E AMARELO) CREME DE LEITE E MAIONESE<\/p>\n<h2><strong> R$ 64,99 KG \u00a0 \u00a0 \u00a0<\/strong><\/h2>\n<p>[\/et_pb_accordion_item][et_pb_accordion_item title=&#8221;T\u00c1BUA DE FRIOS&#8221; open_toggle_background_color=&#8221;rgba(255,255,255,0)&#8221; closed_toggle_background_color=&#8221;rgba(255,255,255,0)&#8221; _builder_version=&#8221;4.16&#8243; global_colors_info=&#8221;{}&#8221; open=&#8221;off&#8221;]<\/p>\n<p><img loading=\"lazy\" decoding=\"async\" class=\"wp-image-1463 alignnone size-medium\" src=\"https:\/\/www.maryara.com.br\/site\/wp-content\/uploads\/2020\/11\/TABUA-DE-FRIOS-300x225.jpeg\" alt=\"\" width=\"300\" height=\"225\" srcset=\"https:\/\/www.maryara.com.br\/site\/wp-content\/uploads\/2020\/11\/TABUA-DE-FRIOS-300x225.jpeg 300w, https:\/\/www.maryara.com.br\/site\/wp-content\/uploads\/2020\/11\/TABUA-DE-FRIOS-768x576.jpeg 768w, https:\/\/www.maryara.com.br\/site\/wp-content\/uploads\/2020\/11\/TABUA-DE-FRIOS.jpeg 1024w, https:\/\/www.maryara.com.br\/site\/wp-content\/uploads\/2020\/11\/TABUA-DE-FRIOS-510x382.jpeg 510w\" sizes=\"(max-width: 300px) 100vw, 300px\" \/><\/p>\n<p><strong>PRESUNTO, MUSSARELA, PROVOLONE, QUEIJO PRATO, LOMBO, PEITO PER\u00da, SALAME ITALIANO.<\/strong><\/p>\n<h2><strong>Pequena &#8211; 124,60<\/strong><\/h2>\n<h2><strong>M\u00e9dia &#8211; 199,50<\/strong><\/h2>\n<h2><strong>Grande &#8211; 238,90<\/strong><\/h2>\n<p>[\/et_pb_accordion_item][et_pb_accordion_item title=&#8221;BERINJELA CAPONATA&#8221; _builder_version=&#8221;4.16&#8243; global_colors_info=&#8221;{}&#8221; open=&#8221;off&#8221;]<\/p>\n<p>&nbsp;<\/p>\n<p><img loading=\"lazy\" decoding=\"async\" class=\"wp-image-1480 size-medium alignleft\" src=\"https:\/\/www.maryara.com.br\/site\/wp-content\/uploads\/2020\/11\/caponata-de-berinjela-300x200.jpg\" alt=\"\" width=\"167\" height=\"111\" srcset=\"https:\/\/www.maryara.com.br\/site\/wp-content\/uploads\/2020\/11\/caponata-de-berinjela-300x200.jpg 300w, https:\/\/www.maryara.com.br\/site\/wp-content\/uploads\/2020\/11\/caponata-de-berinjela-768x512.jpg 768w, https:\/\/www.maryara.com.br\/site\/wp-content\/uploads\/2020\/11\/caponata-de-berinjela.jpg 945w\" sizes=\"(max-width: 167px) 100vw, 167px\" \/><\/p>\n<p>&nbsp;<\/p>\n<p>&nbsp;<\/p>\n<p>&nbsp;<\/p>\n<p>&nbsp;<\/p>\n<p>INGREDIENTES: BERINJELA EM PEDA\u00c7OS, UVA PASSAS, CEBOLA, AZEITE, CHAMPIGNON, PIMENT\u00c3O (VERDE, VERMELHO E AMARELO)<br \/>R$ 66,00 KG<\/p>\n<p>[\/et_pb_accordion_item][et_pb_accordion_item title=&#8221;8777 &#8211; ZUCHINELA (SALADA DE AB\u00d3BRINHA COM AZEITE)&#8221; _builder_version=&#8221;4.16&#8243; global_colors_info=&#8221;{}&#8221; open=&#8221;off&#8221;]<\/p>\n<p><strong>R$ 56,70 KG<\/strong><\/p>\n<p>[\/et_pb_accordion_item][et_pb_accordion_item title=&#8221;8778 &#8211; SALADA DE GR\u00c3O DE TRIGO COM FRANGO&#8221; _builder_version=&#8221;4.16&#8243; global_colors_info=&#8221;{}&#8221; open=&#8221;off&#8221;]<\/p>\n<p><strong>R$ 53,70 KG<\/strong><\/p>\n<p>[\/et_pb_accordion_item][et_pb_accordion_item title=&#8221;8772 &#8211; CUSCUZ&#8221; open=&#8221;on&#8221; _builder_version=&#8221;4.16&#8243; global_colors_info=&#8221;{}&#8221;]<\/p>\n<p><strong>R$ 53,70 KG<\/strong><\/p>\n<p>[\/et_pb_accordion_item][\/et_pb_accordion][\/et_pb_column][et_pb_column type=&#8221;1_4&#8243; _builder_version=&#8221;4.16&#8243; custom_padding=&#8221;|||&#8221; global_colors_info=&#8221;{}&#8221; custom_padding__hover=&#8221;|||&#8221;][\/et_pb_column][\/et_pb_row][\/et_pb_section][et_pb_section fb_built=&#8221;1&#8243; disabled_on=&#8221;off|off|off&#8221; admin_label=&#8221;Sticker&#8221; module_id=&#8221;sticker&#8221; _builder_version=&#8221;4.23.1&#8243; custom_css_main_element=&#8221;display: block!important;||position: fixed!important;||\/*right: 50px!important;*\/ right:8vw;||bottom: 25px!important;||z-index: 999999!important;||background: transparent;||max-width:180px !important;||padding: 0px;||margin: 0px;||||\/* AJUSTE AAIXO SOMENTE PARA EDIDTOR DIVI, RETIRAR APOS FINALIZAR O SITE ||display:none !important;||*\/&#8221; global_module=&#8221;1994&#8243; saved_tabs=&#8221;all&#8221; locked=&#8221;off&#8221; global_colors_info=&#8221;{}&#8221; custom_css_main_element_last_edited=&#8221;on|phone&#8221; custom_css_main_element_phone=&#8221;display: block!important;||position: fixed!important;||\/*right: 50px!important;*\/ right:15vw;||bottom: 25px!important;||z-index: 999999!important;||background: transparent;||max-width:180px !important;||padding: 0px;||margin: 0px;||||\/* AJUSTE AAIXO SOMENTE PARA EDIDTOR DIVI, RETIRAR APOS FINALIZAR O SITE ||display:none !important;||*\/&#8221; custom_css_main_element_tablet=&#8221;display: block!important;||position: fixed!important;||\/*right: 50px!important;*\/ right:10vw;||bottom: 25px!important;||z-index: 999999!important;||background: transparent;||max-width:180px !important;||padding: 0px;||margin: 0px;||||\/* AJUSTE AAIXO SOMENTE PARA EDIDTOR DIVI, RETIRAR APOS FINALIZAR O SITE ||display:none !important;||*\/&#8221;][et_pb_row module_class=&#8221; et_pb_row_fullwidth&#8221; _builder_version=&#8221;4.21.0&#8243; width=&#8221;89%&#8221; width_tablet=&#8221;80%&#8221; width_phone=&#8221;&#8221; width_last_edited=&#8221;on|desktop&#8221; max_width=&#8221;89%&#8221; max_width_tablet=&#8221;80%&#8221; max_width_phone=&#8221;&#8221; max_width_last_edited=&#8221;on|desktop&#8221; module_alignment=&#8221;right&#8221; make_fullwidth=&#8221;on&#8221; global_colors_info=&#8221;{}&#8221;][et_pb_column type=&#8221;4_4&#8243; _builder_version=&#8221;4.16&#8243; custom_padding=&#8221;|||&#8221; global_colors_info=&#8221;{}&#8221; custom_padding__hover=&#8221;|||&#8221;][et_pb_image src=&#8221;https:\/\/www.maryara.com.br\/site\/wp-content\/uploads\/2023\/03\/catalogo-ovos-de-pascoa-maryara-botao-site-quadrado.jpeg&#8221; alt=&#8221;WhatsApp Americana&#8221; title_text=&#8221;Cat\u00e1logo Ovos de P\u00e1scoa da Maryara-maryara-bota\u0303o-site-quadrado&#8221; url=&#8221;https:\/\/wa.me\/c\/5519971332325&#8243; url_new_window=&#8221;on&#8221; show_bottom_space=&#8221;off&#8221; align=&#8221;right&#8221; disabled_on=&#8221;on|on|on&#8221; admin_label=&#8221;Bot\u00e3o catalogo ovos de pascoa&#8221; _builder_version=&#8221;4.20.2&#8243; custom_margin=&#8221;0px|0px|0px|0px&#8221; custom_padding=&#8221;0px|0px|0px|0px&#8221; custom_css_main_element=&#8221;width:180px !important;||margin-bottom: 5px !important;&#8221; border_width_all=&#8221;1px&#8221; border_color_all=&#8221;#FFFFFF&#8221; box_shadow_style=&#8221;preset1&#8243; always_center_on_mobile=&#8221;off&#8221; disabled=&#8221;on&#8221; global_colors_info=&#8221;{}&#8221;][\/et_pb_image][et_pb_image src=&#8221;https:\/\/www.maryara.com.br\/site\/wp-content\/uploads\/2023\/03\/ifood-maryara-botao-site-quadrado.jpeg&#8221; alt=&#8221;WhatsApp Americana&#8221; title_text=&#8221;ifood-maryara-bota\u0303o-site-quadrado&#8221; url=&#8221;https:\/\/www.ifood.com.br\/delivery\/americana-sp\/maryara-vl-paraiso&#8221; url_new_window=&#8221;on&#8221; show_bottom_space=&#8221;off&#8221; align=&#8221;right&#8221; disabled_on=&#8221;on|on|on&#8221; admin_label=&#8221;Bot\u00e3o ifood&#8221; _builder_version=&#8221;4.20.2&#8243; custom_margin=&#8221;0px|0px|0px|0px&#8221; custom_padding=&#8221;0px|0px|0px|0px&#8221; custom_css_main_element=&#8221;width:180px !important;&#8221; border_width_all=&#8221;1px&#8221; border_color_all=&#8221;#FFFFFF&#8221; box_shadow_style=&#8221;preset1&#8243; always_center_on_mobile=&#8221;off&#8221; disabled=&#8221;on&#8221; global_colors_info=&#8221;{}&#8221;][\/et_pb_image][et_pb_image src=&#8221;https:\/\/www.maryara.com.br\/site\/wp-content\/uploads\/2023\/09\/botao-delivery-maryara-20230906.png&#8221; alt=&#8221;Pe\u00e7a pelo Delivery Maryara!&#8221; title_text=&#8221;Pe\u00e7a pelo Delivery Maryara!&#8221; url=&#8221;https:\/\/loja.maryara.com.br\/&#8221; url_new_window=&#8221;on&#8221; show_bottom_space=&#8221;off&#8221; align=&#8221;right&#8221; disabled_on=&#8221;on|on|on&#8221; admin_label=&#8221;Bot\u00e3o epadoca&#8221; _builder_version=&#8221;4.23.1&#8243; custom_margin=&#8221;0px|0px|0px|0px&#8221; custom_padding=&#8221;0px|0px|0px|0px&#8221; custom_css_main_element=&#8221;width:180px !important;&#8221; border_width_all=&#8221;1px&#8221; border_color_all=&#8221;#FFFFFF&#8221; box_shadow_style=&#8221;preset1&#8243; always_center_on_mobile=&#8221;off&#8221; disabled=&#8221;on&#8221; global_colors_info=&#8221;{}&#8221;][\/et_pb_image][et_pb_image src=&#8221;https:\/\/www.maryara.com.br\/site\/wp-content\/uploads\/2023\/09\/botao-delivery-maryara-20230906.png&#8221; alt=&#8221;Pe\u00e7a pelo Delivery Maryara!&#8221; title_text=&#8221;Pe\u00e7a pelo Delivery Maryara!&#8221; url=&#8221;https:\/\/wa.me\/5519971332325?text=Ol\u00e1%20MARYARA,%20quero%20fazer%20um%20pedido!&#8221; url_new_window=&#8221;on&#8221; show_bottom_space=&#8221;off&#8221; align=&#8221;right&#8221; disabled_on=&#8221;off|off|off&#8221; admin_label=&#8221;Bot\u00e3o whatsapp&#8221; _builder_version=&#8221;4.27.2&#8243; custom_margin=&#8221;0px|0px|0px|0px&#8221; custom_padding=&#8221;0px|0px|0px|0px&#8221; custom_css_main_element=&#8221;width:180px !important;&#8221; border_width_all=&#8221;1px&#8221; border_color_all=&#8221;#FFFFFF&#8221; box_shadow_style=&#8221;preset1&#8243; always_center_on_mobile=&#8221;off&#8221; global_colors_info=&#8221;{}&#8221;][\/et_pb_image][\/et_pb_column][\/et_pb_row][\/et_pb_section]<\/p>\n","protected":false},"excerpt":{"rendered":"<p>Saladas e Frios \u00a0 R$ 61,20 KG &nbsp; &nbsp; &nbsp;R$ 66,00 KG &nbsp;INGREDIENTES: BATATA, CENOURA, MILHO, ERVILHA E MAIONESE. R$ 54,60 KGINGREDIENTES: BATATA, CENOURA, MILHO, ERVILHA, FRANGO E MAIONESE. R$ 61,20 KG \u00a0INGREDIENTES: Trigo para kibe, frango desfiado desfiado, piment\u00e3o colorido, azeitonas verdes, uva passa e cheiro verde. R$ 65,80 KG \u00a0 \u00a0INGREDIENTES: ABACAXI, MA\u00c7\u00c3, [&hellip;]<\/p>\n","protected":false},"author":2,"featured_media":0,"parent":0,"menu_order":0,"comment_status":"closed","ping_status":"closed","template":"","meta":{"_et_pb_use_builder":"on","_et_pb_old_content":"","_et_gb_content_width":"","footnotes":""},"class_list":["post-459","page","type-page","status-publish","hentry"],"_links":{"self":[{"href":"https:\/\/www.maryara.com.br\/site\/wp-json\/wp\/v2\/pages\/459","targetHints":{"allow":["GET"]}}],"collection":[{"href":"https:\/\/www.maryara.com.br\/site\/wp-json\/wp\/v2\/pages"}],"about":[{"href":"https:\/\/www.maryara.com.br\/site\/wp-json\/wp\/v2\/types\/page"}],"author":[{"embeddable":true,"href":"https:\/\/www.maryara.com.br\/site\/wp-json\/wp\/v2\/users\/2"}],"replies":[{"embeddable":true,"href":"https:\/\/www.maryara.com.br\/site\/wp-json\/wp\/v2\/comments?post=459"}],"version-history":[{"count":31,"href":"https:\/\/www.maryara.com.br\/site\/wp-json\/wp\/v2\/pages\/459\/revisions"}],"predecessor-version":[{"id":2602,"href":"https:\/\/www.maryara.com.br\/site\/wp-json\/wp\/v2\/pages\/459\/revisions\/2602"}],"wp:attachment":[{"href":"https:\/\/www.maryara.com.br\/site\/wp-json\/wp\/v2\/media?parent=459"}],"curies":[{"name":"wp","href":"https:\/\/api.w.org\/{rel}","templated":true}]}}