{"id":491,"date":"2017-12-04T16:08:10","date_gmt":"2017-12-04T18:08:10","guid":{"rendered":"https:\/\/www.maryara.com.br\/site\/?page_id=491"},"modified":"2023-09-13T15:46:22","modified_gmt":"2023-09-13T18:46:22","slug":"padaria","status":"publish","type":"page","link":"https:\/\/www.maryara.com.br\/site\/padaria\/","title":{"rendered":"Padaria"},"content":{"rendered":"<p>[et_pb_section fb_built=&#8221;1&#8243; _builder_version=&#8221;4.16&#8243; background_image=&#8221;https:\/\/www.maryara.com.br\/site\/wp-content\/uploads\/2017\/11\/pattern-maryara-1.png&#8221; background_size=&#8221;initial&#8221; background_repeat=&#8221;repeat&#8221; global_colors_info=&#8221;{}&#8221;][et_pb_row _builder_version=&#8221;4.16&#8243; background_size=&#8221;initial&#8221; background_position=&#8221;top_left&#8221; background_repeat=&#8221;repeat&#8221; global_colors_info=&#8221;{}&#8221;][et_pb_column type=&#8221;4_4&#8243; _builder_version=&#8221;4.16&#8243; custom_padding=&#8221;|||&#8221; global_colors_info=&#8221;{}&#8221; custom_padding__hover=&#8221;|||&#8221;][et_pb_text _builder_version=&#8221;4.16&#8243; header_font=&#8221;Hirondelles des Alpes||||||||&#8221; header_font_size=&#8221;72px&#8221; global_colors_info=&#8221;{}&#8221;]<\/p>\n<h1 style=\"text-align: center;\">Padaria<\/h1>\n<p>[\/et_pb_text][et_pb_gallery gallery_ids=&#8221;492&#8243; fullwidth=&#8221;on&#8221; _builder_version=&#8221;4.16&#8243; pagination_font_size_tablet=&#8221;51&#8243; pagination_line_height_tablet=&#8221;2&#8243; global_colors_info=&#8221;{}&#8221;][\/et_pb_gallery][\/et_pb_column][\/et_pb_row][et_pb_row column_structure=&#8221;1_4,1_2,1_4&#8243; _builder_version=&#8221;4.16&#8243; background_size=&#8221;initial&#8221; background_position=&#8221;top_left&#8221; background_repeat=&#8221;repeat&#8221; global_colors_info=&#8221;{}&#8221;][et_pb_column type=&#8221;1_4&#8243; _builder_version=&#8221;4.16&#8243; custom_padding=&#8221;|||&#8221; global_colors_info=&#8221;{}&#8221; custom_padding__hover=&#8221;|||&#8221;][\/et_pb_column][et_pb_column type=&#8221;1_2&#8243; _builder_version=&#8221;4.16&#8243; custom_padding=&#8221;|||&#8221; global_colors_info=&#8221;{}&#8221; custom_padding__hover=&#8221;|||&#8221;][et_pb_text _builder_version=&#8221;4.16&#8243; text_text_color=&#8221;#666666&#8243; global_colors_info=&#8221;{}&#8221;]<\/p>\n<p>BOLO DE CENOURA<br \/>BOLO DE MILHO<\/p>\n<p>BOLO DE LARANJA<br \/>BOLO DE CHOCOLATE<br \/>BOLO DE COCO<br \/>BOLO DE COCO COM GOIABADA<br \/>BOLO DE FUBA<br \/>BOLO DE M\u00c1RMORE<br \/>BOLO FORMIGUEIRO<\/p>\n<p>BOLO ABACAXI<\/p>\n<p>BOLO DE BANANA CARAMELIZADO<br \/>BOLO BROWNIE (CHOCOLATE COM CASTANHAS)<br \/>TORTA DE MA\u00c7\u00c3 (PADARIA)<\/p>\n<p>TORTA DE BANANA (PADARIA)<br \/>MINI CROASSANT <strong>SABORES<\/strong>:FRANGO OU PRESUNTO E QUEIJO<br \/>ENROLADINHO DE SALSICHA<br \/>P\u00c3O DE BATATA COM CATUPIRY E SALSA<br \/>BROINHA TEMPERADA (PRESUNTO E CHEIRO VERDE)<br \/>P\u00c3O DE MANDIOQUINHA RECHEADO <strong>SABORES:<\/strong> FRANGO OU PRESUNTO E QUEIJO<br \/>ENROLADINHO DE SALAME COM CATUPIRY<br \/>ENROLADINHO DE LOMBO COM CATUPIRY<br \/>ENROLADINHO DE PEITO DE PERU COM QUEIJO PRATO<br \/>ENROLADINHO DE PRESUNTO E MUSSARELA<\/p>\n<p>MINI P\u00c3O DE QUEIJO<\/p>\n<p>P\u00c3O DE MANDIOQUINHA SEM RECHEIO<br \/>P\u00c3O DE BATATA SEM RECHEIO<br \/>BOLINHO DE CHUVA<br \/>CROSTOLLE<br \/>BROINHA AIROSA (FUBA E ERVA DOCE)<br \/>P\u00c3O DE CREME<\/p>\n<p>FATIA H\u00daNGARA<br \/>SFOGLIATELLI<\/p>\n<p>LUA DE MEL<\/p>\n<p>SONHO AMERICANO<br \/>CAROLINA RECHEADA <strong>SABORES:<\/strong> CHOCOLATE \/DOCE DE LEITE \/LIM\u00c3O<br \/>PETTIT FOUR BELISC\u00c3O<br \/>PETTIT FOUR TRADICIONAIS<br \/>PALHA ITALIANA<\/p>\n<p>*consulte os valores pelo nosso whatsapp 19-971332325*<\/p>\n<p>[\/et_pb_text][\/et_pb_column][et_pb_column type=&#8221;1_4&#8243; _builder_version=&#8221;4.16&#8243; custom_padding=&#8221;|||&#8221; global_colors_info=&#8221;{}&#8221; custom_padding__hover=&#8221;|||&#8221;][\/et_pb_column][\/et_pb_row][\/et_pb_section][et_pb_section fb_built=&#8221;1&#8243; disabled_on=&#8221;off|off|off&#8221; admin_label=&#8221;Sticker&#8221; module_id=&#8221;sticker&#8221; _builder_version=&#8221;4.21.0&#8243; custom_css_main_element=&#8221;display: block!important;||position: fixed!important;||\/*right: 50px!important;*\/ right:8vw;||bottom: 25px!important;||z-index: 999999!important;||background: transparent;||max-width:180px !important;||padding: 0px;||margin: 0px;||||\/* AJUSTE AAIXO SOMENTE PARA EDIDTOR DIVI, RETIRAR APOS FINALIZAR O SITE ||display:none !important;||*\/&#8221; saved_tabs=&#8221;all&#8221; locked=&#8221;off&#8221; global_colors_info=&#8221;{}&#8221; custom_css_main_element_last_edited=&#8221;on|phone&#8221; custom_css_main_element_phone=&#8221;display: block!important;||position: fixed!important;||\/*right: 50px!important;*\/ right:15vw;||bottom: 25px!important;||z-index: 999999!important;||background: transparent;||max-width:180px !important;||padding: 0px;||margin: 0px;||||\/* AJUSTE AAIXO SOMENTE PARA EDIDTOR DIVI, RETIRAR APOS FINALIZAR O SITE ||display:none !important;||*\/&#8221; custom_css_main_element_tablet=&#8221;display: block!important;||position: fixed!important;||\/*right: 50px!important;*\/ right:10vw;||bottom: 25px!important;||z-index: 999999!important;||background: transparent;||max-width:180px !important;||padding: 0px;||margin: 0px;||||\/* AJUSTE AAIXO SOMENTE PARA EDIDTOR DIVI, RETIRAR APOS FINALIZAR O SITE ||display:none !important;||*\/&#8221; global_module=&#8221;1994&#8243; theme_builder_area=&#8221;post_content&#8221;][et_pb_row module_class=&#8221; et_pb_row_fullwidth&#8221; _builder_version=&#8221;4.21.0&#8243; width=&#8221;89%&#8221; width_tablet=&#8221;80%&#8221; width_phone=&#8221;&#8221; width_last_edited=&#8221;on|desktop&#8221; max_width=&#8221;89%&#8221; max_width_tablet=&#8221;80%&#8221; max_width_phone=&#8221;&#8221; max_width_last_edited=&#8221;on|desktop&#8221; module_alignment=&#8221;right&#8221; make_fullwidth=&#8221;on&#8221; global_colors_info=&#8221;{}&#8221; theme_builder_area=&#8221;post_content&#8221;][et_pb_column type=&#8221;4_4&#8243; _builder_version=&#8221;4.16&#8243; custom_padding=&#8221;|||&#8221; global_colors_info=&#8221;{}&#8221; custom_padding__hover=&#8221;|||&#8221; theme_builder_area=&#8221;post_content&#8221;][et_pb_image src=&#8221;https:\/\/www.maryara.com.br\/site\/wp-content\/uploads\/2023\/03\/catalogo-ovos-de-pascoa-maryara-botao-site-quadrado.jpeg&#8221; alt=&#8221;WhatsApp Americana&#8221; title_text=&#8221;Cat\u00e1logo Ovos de P\u00e1scoa da Maryara-maryara-bota\u0303o-site-quadrado&#8221; url=&#8221;https:\/\/wa.me\/c\/5519971332325&#8243; url_new_window=&#8221;on&#8221; show_bottom_space=&#8221;off&#8221; align=&#8221;right&#8221; disabled_on=&#8221;on|on|on&#8221; admin_label=&#8221;Bot\u00e3o catalogo ovos de pascoa&#8221; _builder_version=&#8221;4.20.2&#8243; custom_margin=&#8221;0px|0px|0px|0px&#8221; custom_padding=&#8221;0px|0px|0px|0px&#8221; custom_css_main_element=&#8221;width:180px !important;||margin-bottom: 5px !important;&#8221; border_width_all=&#8221;1px&#8221; border_color_all=&#8221;#FFFFFF&#8221; box_shadow_style=&#8221;preset1&#8243; always_center_on_mobile=&#8221;off&#8221; disabled=&#8221;on&#8221; global_colors_info=&#8221;{}&#8221; theme_builder_area=&#8221;post_content&#8221;][\/et_pb_image][et_pb_image src=&#8221;https:\/\/www.maryara.com.br\/site\/wp-content\/uploads\/2023\/03\/ifood-maryara-botao-site-quadrado.jpeg&#8221; alt=&#8221;WhatsApp Americana&#8221; title_text=&#8221;ifood-maryara-bota\u0303o-site-quadrado&#8221; url=&#8221;https:\/\/www.ifood.com.br\/delivery\/americana-sp\/maryara-vl-paraiso&#8221; url_new_window=&#8221;on&#8221; show_bottom_space=&#8221;off&#8221; align=&#8221;right&#8221; disabled_on=&#8221;on|on|on&#8221; admin_label=&#8221;Bot\u00e3o ifood&#8221; _builder_version=&#8221;4.20.2&#8243; custom_margin=&#8221;0px|0px|0px|0px&#8221; custom_padding=&#8221;0px|0px|0px|0px&#8221; custom_css_main_element=&#8221;width:180px !important;&#8221; border_width_all=&#8221;1px&#8221; border_color_all=&#8221;#FFFFFF&#8221; box_shadow_style=&#8221;preset1&#8243; always_center_on_mobile=&#8221;off&#8221; disabled=&#8221;on&#8221; global_colors_info=&#8221;{}&#8221; theme_builder_area=&#8221;post_content&#8221;][\/et_pb_image][et_pb_image src=&#8221;https:\/\/www.maryara.com.br\/site\/wp-content\/uploads\/2023\/09\/botao-delivery-maryara-20230906.png&#8221; alt=&#8221;Pe\u00e7a pelo Delivery Maryara!&#8221; title_text=&#8221;Pe\u00e7a pelo Delivery Maryara!&#8221; url=&#8221;https:\/\/www.epadoca.com\/maryara&#8221; url_new_window=&#8221;on&#8221; show_bottom_space=&#8221;off&#8221; align=&#8221;right&#8221; disabled_on=&#8221;off|off|off&#8221; admin_label=&#8221;Bot\u00e3o epadoca&#8221; _builder_version=&#8221;4.21.0&#8243; custom_margin=&#8221;0px|0px|0px|0px&#8221; custom_padding=&#8221;0px|0px|0px|0px&#8221; custom_css_main_element=&#8221;width:180px !important;&#8221; border_width_all=&#8221;1px&#8221; border_color_all=&#8221;#FFFFFF&#8221; box_shadow_style=&#8221;preset1&#8243; always_center_on_mobile=&#8221;off&#8221; global_colors_info=&#8221;{}&#8221; theme_builder_area=&#8221;post_content&#8221;][\/et_pb_image][\/et_pb_column][\/et_pb_row][\/et_pb_section]<\/p>\n","protected":false},"excerpt":{"rendered":"<p>Padaria BOLO DE CENOURABOLO DE MILHO BOLO DE LARANJABOLO DE CHOCOLATEBOLO DE COCOBOLO DE COCO COM GOIABADABOLO DE FUBABOLO DE M\u00c1RMOREBOLO FORMIGUEIRO BOLO ABACAXI BOLO DE BANANA CARAMELIZADOBOLO BROWNIE (CHOCOLATE COM CASTANHAS)TORTA DE MA\u00c7\u00c3 (PADARIA) TORTA DE BANANA (PADARIA)MINI CROASSANT SABORES:FRANGO OU PRESUNTO E QUEIJOENROLADINHO DE SALSICHAP\u00c3O DE BATATA COM CATUPIRY E SALSABROINHA TEMPERADA (PRESUNTO [&hellip;]<\/p>\n","protected":false},"author":2,"featured_media":0,"parent":0,"menu_order":0,"comment_status":"closed","ping_status":"closed","template":"","meta":{"_et_pb_use_builder":"on","_et_pb_old_content":"","_et_gb_content_width":"","footnotes":""},"class_list":["post-491","page","type-page","status-publish","hentry"],"_links":{"self":[{"href":"https:\/\/www.maryara.com.br\/site\/wp-json\/wp\/v2\/pages\/491","targetHints":{"allow":["GET"]}}],"collection":[{"href":"https:\/\/www.maryara.com.br\/site\/wp-json\/wp\/v2\/pages"}],"about":[{"href":"https:\/\/www.maryara.com.br\/site\/wp-json\/wp\/v2\/types\/page"}],"author":[{"embeddable":true,"href":"https:\/\/www.maryara.com.br\/site\/wp-json\/wp\/v2\/users\/2"}],"replies":[{"embeddable":true,"href":"https:\/\/www.maryara.com.br\/site\/wp-json\/wp\/v2\/comments?post=491"}],"version-history":[{"count":21,"href":"https:\/\/www.maryara.com.br\/site\/wp-json\/wp\/v2\/pages\/491\/revisions"}],"predecessor-version":[{"id":2176,"href":"https:\/\/www.maryara.com.br\/site\/wp-json\/wp\/v2\/pages\/491\/revisions\/2176"}],"wp:attachment":[{"href":"https:\/\/www.maryara.com.br\/site\/wp-json\/wp\/v2\/media?parent=491"}],"curies":[{"name":"wp","href":"https:\/\/api.w.org\/{rel}","templated":true}]}}