{"id":525,"date":"2017-12-06T15:06:22","date_gmt":"2017-12-06T17:06:22","guid":{"rendered":"https:\/\/www.maryara.com.br\/site\/?page_id=525"},"modified":"2025-12-04T14:19:48","modified_gmt":"2025-12-04T17:19:48","slug":"tortas-salgadas","status":"publish","type":"page","link":"https:\/\/www.maryara.com.br\/site\/tortas-salgadas\/","title":{"rendered":"Tortas Salgadas"},"content":{"rendered":"<p>[et_pb_section fb_built=&#8221;1&#8243; _builder_version=&#8221;4.16&#8243; background_image=&#8221;https:\/\/www.maryara.com.br\/site\/wp-content\/uploads\/2017\/11\/pattern-maryara-1.png&#8221; background_size=&#8221;initial&#8221; background_repeat=&#8221;repeat&#8221; global_colors_info=&#8221;{}&#8221;][et_pb_row _builder_version=&#8221;4.16&#8243; background_size=&#8221;initial&#8221; background_position=&#8221;top_left&#8221; background_repeat=&#8221;repeat&#8221; global_colors_info=&#8221;{}&#8221;][et_pb_column type=&#8221;4_4&#8243; _builder_version=&#8221;4.16&#8243; custom_padding=&#8221;|||&#8221; global_colors_info=&#8221;{}&#8221; custom_padding__hover=&#8221;|||&#8221;][et_pb_text _builder_version=&#8221;4.16&#8243; header_font=&#8221;Hirondelles des Alpes||||||||&#8221; header_font_size=&#8221;72px&#8221; global_colors_info=&#8221;{}&#8221;]<\/p>\n<h1 style=\"text-align: center\">Tortas Salgadas<\/h1>\n<p>[\/et_pb_text][et_pb_gallery gallery_ids=&#8221;527&#8243; fullwidth=&#8221;on&#8221; _builder_version=&#8221;4.16&#8243; pagination_font_size_tablet=&#8221;51&#8243; pagination_line_height_tablet=&#8221;2&#8243; global_colors_info=&#8221;{}&#8221;][\/et_pb_gallery][et_pb_accordion _builder_version=&#8221;4.27.2&#8243; toggle_font=&#8221;Code Pro Demo|||on|||||&#8221; toggle_text_align=&#8221;left&#8221; body_font=&#8221;Code Pro Demo||||||||&#8221; body_text_align=&#8221;left&#8221; body_text_color=&#8221;#777777&#8243; body_line_height=&#8221;1em&#8221; text_orientation=&#8221;left&#8221; z_index_tablet=&#8221;500&#8243; custom_css_toggle=&#8221;margin:0px !important;&#8221; custom_css_toggle_content=&#8221;padding-top:0px !important;&#8221; border_width_all=&#8221;0px&#8221; global_colors_info=&#8221;{}&#8221;][et_pb_accordion_item title=&#8221;6920 TORTA DE BACALHAU KG  (MASSA DE P\u00c3O DE FORMA)&#8221; open_toggle_background_color=&#8221;rgba(255,255,255,0)&#8221; closed_toggle_background_color=&#8221;rgba(255,255,255,0)&#8221; _builder_version=&#8221;4.16&#8243; global_colors_info=&#8221;{}&#8221; open=&#8221;off&#8221;]<\/p>\n<p>massa de p\u00e3o de forma<\/p>\n<p>R$ 95,70 KG<\/p>\n<p>OBS: Trazer o pirex<\/p>\n<p>[\/et_pb_accordion_item][et_pb_accordion_item title=&#8221;892 TORTA DE CAMAR\u00c3O KG (MASSA PODRE)&#8221; open_toggle_background_color=&#8221;rgba(255,255,255,0)&#8221; closed_toggle_background_color=&#8221;rgba(255,255,255,0)&#8221; _builder_version=&#8221;4.16&#8243; global_colors_info=&#8221;{}&#8221; open=&#8221;off&#8221;]<\/p>\n<p><strong>R$ 95,70 KG<\/strong><\/p>\n<p>massa podre<\/p>\n<p>[\/et_pb_accordion_item][et_pb_accordion_item title=&#8221;2343 TORTA DE FRANGO KG (MASSA PODRE)&#8221; open_toggle_background_color=&#8221;rgba(255,255,255,0)&#8221; closed_toggle_background_color=&#8221;rgba(255,255,255,0)&#8221; _builder_version=&#8221;4.16&#8243; global_colors_info=&#8221;{}&#8221; open=&#8221;off&#8221;]<\/p>\n<p>R$ 79,80 KG<\/p>\n<p>[\/et_pb_accordion_item][et_pb_accordion_item title=&#8221;343 TORTA DE FRANGO GRANDE&#8221; open_toggle_background_color=&#8221;rgba(255,255,255,0)&#8221; closed_toggle_background_color=&#8221;rgba(255,255,255,0)&#8221; _builder_version=&#8221;4.16&#8243; global_colors_info=&#8221;{}&#8221; open=&#8221;off&#8221;]<\/p>\n<p>R$ 116,00 UNID.<\/p>\n<p>[\/et_pb_accordion_item][et_pb_accordion_item title=&#8221;342 TORTA DE FRANGO M\u00c9DIA&#8221; open_toggle_background_color=&#8221;rgba(255,255,255,0)&#8221; closed_toggle_background_color=&#8221;rgba(255,255,255,0)&#8221; _builder_version=&#8221;4.16&#8243; global_colors_info=&#8221;{}&#8221; open=&#8221;off&#8221;]<\/p>\n<p>R$ 100,90\u00a0 UNID.<\/p>\n<p>[\/et_pb_accordion_item][et_pb_accordion_item title=&#8221;341 TORTA DE FRANGO PEQUENA&#8221; open_toggle_background_color=&#8221;rgba(255,255,255,0)&#8221; closed_toggle_background_color=&#8221;rgba(255,255,255,0)&#8221; _builder_version=&#8221;4.16&#8243; global_colors_info=&#8221;{}&#8221; open=&#8221;off&#8221;]<\/p>\n<p>R$ 55,55\u00a0 UND.<\/p>\n<p>[\/et_pb_accordion_item][et_pb_accordion_item title=&#8221;2345 TORTA DE PALMITO KG (MASSA PODRE)&#8221; open_toggle_background_color=&#8221;rgba(255,255,255,0)&#8221; closed_toggle_background_color=&#8221;rgba(255,255,255,0)&#8221; _builder_version=&#8221;4.16&#8243; global_colors_info=&#8221;{}&#8221; open=&#8221;off&#8221;]<\/p>\n<p>R$ 56,70 KG<\/p>\n<p>[\/et_pb_accordion_item][et_pb_accordion_item title=&#8221;345 TORTA DE PALMITO GRANDE&#8221; open_toggle_background_color=&#8221;rgba(255,255,255,0)&#8221; closed_toggle_background_color=&#8221;rgba(255,255,255,0)&#8221; _builder_version=&#8221;4.16&#8243; global_colors_info=&#8221;{}&#8221; open=&#8221;off&#8221;]<\/p>\n<p>R$ 116,00\u00a0 UNID.<\/p>\n<p>[\/et_pb_accordion_item][et_pb_accordion_item title=&#8221;344 TORTA DE PALMITO M\u00c9DIA&#8221; open_toggle_background_color=&#8221;rgba(255,255,255,0)&#8221; closed_toggle_background_color=&#8221;rgba(255,255,255,0)&#8221; _builder_version=&#8221;4.16&#8243; global_colors_info=&#8221;{}&#8221; open=&#8221;off&#8221;]<\/p>\n<p>R$ 100,90\u00a0 UNID.<\/p>\n<p>[\/et_pb_accordion_item][et_pb_accordion_item title=&#8221;944 TORTA DE PALMITO PEQUENA (MASSA PODRE)&#8221; open=&#8221;off&#8221; open_toggle_background_color=&#8221;rgba(255,255,255,0)&#8221; closed_toggle_background_color=&#8221;rgba(255,255,255,0)&#8221; _builder_version=&#8221;4.16&#8243; global_colors_info=&#8221;{}&#8221;]<\/p>\n<p>R$ 55,55 UND.<\/p>\n<p>[\/et_pb_accordion_item][et_pb_accordion_item title=&#8221; TORTA DE BACALHAU &#8211; KG (MASSA PODRE)&#8221; open_toggle_background_color=&#8221;rgba(255,255,255,0)&#8221; closed_toggle_background_color=&#8221;rgba(255,255,255,0)&#8221; _builder_version=&#8221;4.16&#8243; global_colors_info=&#8221;{}&#8221; open=&#8221;off&#8221;]<\/p>\n<p>R$ 95,70 KG<\/p>\n<p>MASSA PODRE<\/p>\n<p>[\/et_pb_accordion_item][et_pb_accordion_item title=&#8221;187 TORTA DE PALMITO COM MOLHO BRANCO KG (MASSA PODRE)&#8221; open_toggle_background_color=&#8221;rgba(255,255,255,0)&#8221; closed_toggle_background_color=&#8221;rgba(255,255,255,0)&#8221; _builder_version=&#8221;4.16&#8243; global_colors_info=&#8221;{}&#8221; open=&#8221;off&#8221;]<\/p>\n<p>R$ 62,90 KG<\/p>\n<p>[\/et_pb_accordion_item][et_pb_accordion_item title=&#8221;179 TORTA DE QUATRO QUEIJOS KG (MASSA DE P\u00c3O DE FORMA)&#8221; open_toggle_background_color=&#8221;rgba(255,255,255,0)&#8221; closed_toggle_background_color=&#8221;rgba(255,255,255,0)&#8221; _builder_version=&#8221;4.16&#8243; global_colors_info=&#8221;{}&#8221; open=&#8221;off&#8221;]<\/p>\n<p>R$ 75,00 KG<\/p>\n<p>massa de p\u00e3o de forma<\/p>\n<p>OBS: TRAZER O PIREX<\/p>\n<p>[\/et_pb_accordion_item][et_pb_accordion_item title=&#8221;TORTA DA LU &#8211; 4 QUEIJOS &#8221; _builder_version=&#8221;4.16&#8243; global_colors_info=&#8221;{}&#8221; open=&#8221;off&#8221;]<\/p>\n<p><strong>R$ 153,90 GRANDE<\/strong><\/p>\n<p><strong>R$ 142,90 MEDIA<\/strong><\/p>\n<p><strong>massa de leite<\/strong><\/p>\n<p>[\/et_pb_accordion_item][et_pb_accordion_item title=&#8221;TORTA DA LU &#8211; PALMITO &#8221; _builder_version=&#8221;4.16&#8243; global_colors_info=&#8221;{}&#8221; open=&#8221;off&#8221;]<\/p>\n<p><strong>R$ 153,90 GRANDE<\/strong><\/p>\n<p><strong>R$ 142,90 MEDIA<\/strong><\/p>\n<p><strong>massa de leite<\/strong><\/p>\n<p>[\/et_pb_accordion_item][et_pb_accordion_item title=&#8221;TORTA DA LU &#8211; PEITO DE PERU COM MUSSARELA&#8221; _builder_version=&#8221;4.16&#8243; global_colors_info=&#8221;{}&#8221; open=&#8221;off&#8221;]<\/p>\n<p><strong>R$ 153,90 GRANDE<\/strong><\/p>\n<p><strong>R$ 142,90 MEDIA<\/strong><\/p>\n<p><strong>massa de leite<\/strong><\/p>\n<p>[\/et_pb_accordion_item][et_pb_accordion_item title=&#8221;BOLO SALGADO DE FRANGO&#8221; _builder_version=&#8221;4.16&#8243; global_colors_info=&#8221;{}&#8221; open=&#8221;off&#8221;]<\/p>\n<p>R$ 72,30\u00a0 KG<\/p>\n<p>PEDIDO MINIMO DE 1,5KG<\/p>\n<p>encomendas com 24hrs de anteced\u00eancia<\/p>\n<p>[\/et_pb_accordion_item][et_pb_accordion_item title=&#8221;BOLO SALGADO ARCO IRIS&#8221; _builder_version=&#8221;4.16&#8243; global_colors_info=&#8221;{}&#8221; open=&#8221;on&#8221;]<\/p>\n<p><strong>R$ 72,30 KG<\/strong><\/p>\n<p>recheio: pat\u00ea de frango, pat\u00ea de espinafre, pat\u00ea de cenoura e pat\u00ea de beterraba.<\/p>\n<p>encomendas com 24hrs de anteced\u00eancia<\/p>\n<p>PEDIDO MINIMO DE 1,5KG<\/p>\n<p>[\/et_pb_accordion_item][\/et_pb_accordion][\/et_pb_column][\/et_pb_row][et_pb_row column_structure=&#8221;1_4,1_2,1_4&#8243; _builder_version=&#8221;4.16&#8243; background_size=&#8221;initial&#8221; background_position=&#8221;top_left&#8221; background_repeat=&#8221;repeat&#8221; global_colors_info=&#8221;{}&#8221;][et_pb_column type=&#8221;1_4&#8243; _builder_version=&#8221;4.16&#8243; custom_padding=&#8221;|||&#8221; global_colors_info=&#8221;{}&#8221; custom_padding__hover=&#8221;|||&#8221;][\/et_pb_column][et_pb_column type=&#8221;1_2&#8243; _builder_version=&#8221;4.16&#8243; custom_padding=&#8221;|||&#8221; global_colors_info=&#8221;{}&#8221; custom_padding__hover=&#8221;|||&#8221;][\/et_pb_column][et_pb_column type=&#8221;1_4&#8243; _builder_version=&#8221;4.16&#8243; custom_padding=&#8221;|||&#8221; global_colors_info=&#8221;{}&#8221; custom_padding__hover=&#8221;|||&#8221;][\/et_pb_column][\/et_pb_row][\/et_pb_section][et_pb_section fb_built=&#8221;1&#8243; disabled_on=&#8221;off|off|off&#8221; admin_label=&#8221;Sticker&#8221; module_id=&#8221;sticker&#8221; _builder_version=&#8221;4.23.1&#8243; custom_css_main_element=&#8221;display: block!important;||position: fixed!important;||\/*right: 50px!important;*\/ right:8vw;||bottom: 25px!important;||z-index: 999999!important;||background: transparent;||max-width:180px !important;||padding: 0px;||margin: 0px;||||\/* AJUSTE AAIXO SOMENTE PARA EDIDTOR DIVI, RETIRAR APOS FINALIZAR O SITE ||display:none !important;||*\/&#8221; global_module=&#8221;1994&#8243; saved_tabs=&#8221;all&#8221; locked=&#8221;off&#8221; global_colors_info=&#8221;{}&#8221; custom_css_main_element_last_edited=&#8221;on|phone&#8221; custom_css_main_element_phone=&#8221;display: block!important;||position: fixed!important;||\/*right: 50px!important;*\/ right:15vw;||bottom: 25px!important;||z-index: 999999!important;||background: transparent;||max-width:180px !important;||padding: 0px;||margin: 0px;||||\/* AJUSTE AAIXO SOMENTE PARA EDIDTOR DIVI, RETIRAR APOS FINALIZAR O SITE ||display:none !important;||*\/&#8221; custom_css_main_element_tablet=&#8221;display: block!important;||position: fixed!important;||\/*right: 50px!important;*\/ right:10vw;||bottom: 25px!important;||z-index: 999999!important;||background: transparent;||max-width:180px !important;||padding: 0px;||margin: 0px;||||\/* AJUSTE AAIXO SOMENTE PARA EDIDTOR DIVI, RETIRAR APOS FINALIZAR O SITE ||display:none !important;||*\/&#8221;][et_pb_row module_class=&#8221; et_pb_row_fullwidth&#8221; _builder_version=&#8221;4.21.0&#8243; width=&#8221;89%&#8221; width_tablet=&#8221;80%&#8221; width_phone=&#8221;&#8221; width_last_edited=&#8221;on|desktop&#8221; max_width=&#8221;89%&#8221; max_width_tablet=&#8221;80%&#8221; max_width_phone=&#8221;&#8221; max_width_last_edited=&#8221;on|desktop&#8221; module_alignment=&#8221;right&#8221; make_fullwidth=&#8221;on&#8221; global_colors_info=&#8221;{}&#8221;][et_pb_column type=&#8221;4_4&#8243; _builder_version=&#8221;4.16&#8243; custom_padding=&#8221;|||&#8221; global_colors_info=&#8221;{}&#8221; custom_padding__hover=&#8221;|||&#8221;][et_pb_image src=&#8221;https:\/\/www.maryara.com.br\/site\/wp-content\/uploads\/2023\/03\/catalogo-ovos-de-pascoa-maryara-botao-site-quadrado.jpeg&#8221; alt=&#8221;WhatsApp Americana&#8221; title_text=&#8221;Cat\u00e1logo Ovos de P\u00e1scoa da Maryara-maryara-bota\u0303o-site-quadrado&#8221; url=&#8221;https:\/\/wa.me\/c\/5519971332325&#8243; url_new_window=&#8221;on&#8221; show_bottom_space=&#8221;off&#8221; align=&#8221;right&#8221; disabled_on=&#8221;on|on|on&#8221; admin_label=&#8221;Bot\u00e3o catalogo ovos de pascoa&#8221; _builder_version=&#8221;4.20.2&#8243; custom_margin=&#8221;0px|0px|0px|0px&#8221; custom_padding=&#8221;0px|0px|0px|0px&#8221; custom_css_main_element=&#8221;width:180px !important;||margin-bottom: 5px !important;&#8221; border_width_all=&#8221;1px&#8221; border_color_all=&#8221;#FFFFFF&#8221; box_shadow_style=&#8221;preset1&#8243; always_center_on_mobile=&#8221;off&#8221; disabled=&#8221;on&#8221; global_colors_info=&#8221;{}&#8221;][\/et_pb_image][et_pb_image src=&#8221;https:\/\/www.maryara.com.br\/site\/wp-content\/uploads\/2023\/03\/ifood-maryara-botao-site-quadrado.jpeg&#8221; alt=&#8221;WhatsApp Americana&#8221; title_text=&#8221;ifood-maryara-bota\u0303o-site-quadrado&#8221; url=&#8221;https:\/\/www.ifood.com.br\/delivery\/americana-sp\/maryara-vl-paraiso&#8221; url_new_window=&#8221;on&#8221; show_bottom_space=&#8221;off&#8221; align=&#8221;right&#8221; disabled_on=&#8221;on|on|on&#8221; admin_label=&#8221;Bot\u00e3o ifood&#8221; _builder_version=&#8221;4.20.2&#8243; custom_margin=&#8221;0px|0px|0px|0px&#8221; custom_padding=&#8221;0px|0px|0px|0px&#8221; custom_css_main_element=&#8221;width:180px !important;&#8221; border_width_all=&#8221;1px&#8221; border_color_all=&#8221;#FFFFFF&#8221; box_shadow_style=&#8221;preset1&#8243; always_center_on_mobile=&#8221;off&#8221; disabled=&#8221;on&#8221; global_colors_info=&#8221;{}&#8221;][\/et_pb_image][et_pb_image src=&#8221;https:\/\/www.maryara.com.br\/site\/wp-content\/uploads\/2023\/09\/botao-delivery-maryara-20230906.png&#8221; alt=&#8221;Pe\u00e7a pelo Delivery Maryara!&#8221; title_text=&#8221;Pe\u00e7a pelo Delivery Maryara!&#8221; url=&#8221;https:\/\/loja.maryara.com.br\/&#8221; url_new_window=&#8221;on&#8221; show_bottom_space=&#8221;off&#8221; align=&#8221;right&#8221; disabled_on=&#8221;on|on|on&#8221; admin_label=&#8221;Bot\u00e3o epadoca&#8221; _builder_version=&#8221;4.23.1&#8243; custom_margin=&#8221;0px|0px|0px|0px&#8221; custom_padding=&#8221;0px|0px|0px|0px&#8221; custom_css_main_element=&#8221;width:180px !important;&#8221; border_width_all=&#8221;1px&#8221; border_color_all=&#8221;#FFFFFF&#8221; box_shadow_style=&#8221;preset1&#8243; always_center_on_mobile=&#8221;off&#8221; disabled=&#8221;on&#8221; global_colors_info=&#8221;{}&#8221;][\/et_pb_image][et_pb_image src=&#8221;https:\/\/www.maryara.com.br\/site\/wp-content\/uploads\/2023\/09\/botao-delivery-maryara-20230906.png&#8221; alt=&#8221;Pe\u00e7a pelo Delivery Maryara!&#8221; title_text=&#8221;Pe\u00e7a pelo Delivery Maryara!&#8221; url=&#8221;https:\/\/wa.me\/5519971332325?text=Ol\u00e1%20MARYARA,%20quero%20fazer%20um%20pedido!&#8221; url_new_window=&#8221;on&#8221; show_bottom_space=&#8221;off&#8221; align=&#8221;right&#8221; disabled_on=&#8221;off|off|off&#8221; admin_label=&#8221;Bot\u00e3o whatsapp&#8221; _builder_version=&#8221;4.27.2&#8243; custom_margin=&#8221;0px|0px|0px|0px&#8221; custom_padding=&#8221;0px|0px|0px|0px&#8221; custom_css_main_element=&#8221;width:180px !important;&#8221; border_width_all=&#8221;1px&#8221; border_color_all=&#8221;#FFFFFF&#8221; box_shadow_style=&#8221;preset1&#8243; always_center_on_mobile=&#8221;off&#8221; global_colors_info=&#8221;{}&#8221;][\/et_pb_image][\/et_pb_column][\/et_pb_row][\/et_pb_section]<\/p>\n","protected":false},"excerpt":{"rendered":"<p>Tortas Salgadas massa de p\u00e3o de forma R$ 95,70 KG OBS: Trazer o pirexR$ 95,70 KG massa podreR$ 79,80 KGR$ 116,00 UNID.R$ 100,90\u00a0 UNID.R$ 55,55\u00a0 UND.R$ 56,70 KGR$ 116,00\u00a0 UNID.R$ 100,90\u00a0 UNID.R$ 55,55 UND.R$ 95,70 KG MASSA PODRER$ 62,90 KGR$ 75,00 KG massa de p\u00e3o de forma OBS: TRAZER O PIREXR$ 153,90 GRANDE R$ 142,90 [&hellip;]<\/p>\n","protected":false},"author":2,"featured_media":0,"parent":0,"menu_order":0,"comment_status":"closed","ping_status":"closed","template":"","meta":{"_et_pb_use_builder":"on","_et_pb_old_content":"","_et_gb_content_width":"","footnotes":""},"class_list":["post-525","page","type-page","status-publish","hentry"],"_links":{"self":[{"href":"https:\/\/www.maryara.com.br\/site\/wp-json\/wp\/v2\/pages\/525","targetHints":{"allow":["GET"]}}],"collection":[{"href":"https:\/\/www.maryara.com.br\/site\/wp-json\/wp\/v2\/pages"}],"about":[{"href":"https:\/\/www.maryara.com.br\/site\/wp-json\/wp\/v2\/types\/page"}],"author":[{"embeddable":true,"href":"https:\/\/www.maryara.com.br\/site\/wp-json\/wp\/v2\/users\/2"}],"replies":[{"embeddable":true,"href":"https:\/\/www.maryara.com.br\/site\/wp-json\/wp\/v2\/comments?post=525"}],"version-history":[{"count":45,"href":"https:\/\/www.maryara.com.br\/site\/wp-json\/wp\/v2\/pages\/525\/revisions"}],"predecessor-version":[{"id":2590,"href":"https:\/\/www.maryara.com.br\/site\/wp-json\/wp\/v2\/pages\/525\/revisions\/2590"}],"wp:attachment":[{"href":"https:\/\/www.maryara.com.br\/site\/wp-json\/wp\/v2\/media?parent=525"}],"curies":[{"name":"wp","href":"https:\/\/api.w.org\/{rel}","templated":true}]}}